{"id":14,"date":"2022-04-20T22:44:02","date_gmt":"2022-04-21T01:44:02","guid":{"rendered":"https:\/\/acriledtruck.com.br\/?page_id=14"},"modified":"2022-04-20T23:37:59","modified_gmt":"2022-04-21T02:37:59","slug":"contato","status":"publish","type":"page","link":"https:\/\/acriledtruck.com.br\/index.php\/contato\/","title":{"rendered":"Contato"},"content":{"rendered":"\n<p>Entre em contato com a <strong>Acriled Truck<\/strong><\/p>\n\n\n\n<p><strong>Whatsapp <\/strong><\/p>\n\n\n\n<p>11-95638-6451  \/  11-93729-3946<\/p>\n\n\n\n<p><strong>Instagram:<\/strong>  Acriled Truck<\/p>\n\n\n\n<p><strong>Email:<\/strong>  Acriledtruck@gmail.com  <\/p>\n\n\n\n<p><strong>Localiza\u00e7\u00e3o:<\/strong>  Estamos na cidade de S\u00e3o Paulo, no bairro da Penha pr\u00f3ximo \u00e0 Fern\u00e3o dias e Dutra na Rua Evans, 629 &#8211; Vila Esperan\u00e7a<\/p>\n","protected":false},"excerpt":{"rendered":"<p>Entre em contato com a Acriled Truck Whatsapp 11-95638-6451 \/ 11-93729-3946 Instagram: Acriled Truck Email: Acriledtruck@gmail.com Localiza\u00e7\u00e3o: Estamos na cidade de S\u00e3o Paulo, no bairro da Penha pr\u00f3ximo \u00e0 Fern\u00e3o dias e Dutra na Rua&hellip;<\/p>\n","protected":false},"author":2,"featured_media":0,"parent":0,"menu_order":0,"comment_status":"closed","ping_status":"closed","template":"","meta":{"om_disable_all_campaigns":false,"_monsterinsights_skip_tracking":false,"_monsterinsights_sitenote_active":false,"_monsterinsights_sitenote_note":"","_monsterinsights_sitenote_category":0,"footnotes":""},"class_list":["post-14","page","type-page","status-publish","hentry"],"aioseo_notices":[],"_links":{"self":[{"href":"https:\/\/acriledtruck.com.br\/index.php\/wp-json\/wp\/v2\/pages\/14","targetHints":{"allow":["GET"]}}],"collection":[{"href":"https:\/\/acriledtruck.com.br\/index.php\/wp-json\/wp\/v2\/pages"}],"about":[{"href":"https:\/\/acriledtruck.com.br\/index.php\/wp-json\/wp\/v2\/types\/page"}],"author":[{"embeddable":true,"href":"https:\/\/acriledtruck.com.br\/index.php\/wp-json\/wp\/v2\/users\/2"}],"replies":[{"embeddable":true,"href":"https:\/\/acriledtruck.com.br\/index.php\/wp-json\/wp\/v2\/comments?post=14"}],"version-history":[{"count":3,"href":"https:\/\/acriledtruck.com.br\/index.php\/wp-json\/wp\/v2\/pages\/14\/revisions"}],"predecessor-version":[{"id":47,"href":"https:\/\/acriledtruck.com.br\/index.php\/wp-json\/wp\/v2\/pages\/14\/revisions\/47"}],"wp:attachment":[{"href":"https:\/\/acriledtruck.com.br\/index.php\/wp-json\/wp\/v2\/media?parent=14"}],"curies":[{"name":"wp","href":"https:\/\/api.w.org\/{rel}","templated":true}]}}